{"id":7,"date":"2025-04-30T11:11:27","date_gmt":"2025-04-30T09:11:27","guid":{"rendered":"https:\/\/pbm3h23ais.web.bib.de\/?page_id=7"},"modified":"2025-04-30T11:11:27","modified_gmt":"2025-04-30T09:11:27","slug":"der-erlkoenig","status":"publish","type":"page","link":"https:\/\/pbm3h23ais.web.bib.de\/?page_id=7","title":{"rendered":"Der Erlk\u00f6nig"},"content":{"rendered":"\n<h3 class=\"wp-block-heading has-accent-1-color has-text-color has-link-color wp-elements-5d17100f2f21ad58a76874544aae081b\">Johann Wolfgang von Goethe<\/h3>\n\n\n\n<p>Wer reitet so sp\u00e4t durch Nacht und Wind?<br>Es ist der Vater mit seinem Kind;<br>Er hat den Knaben wohl in dem Arm,<br>Er fasst ihn sicher, er h\u00e4lt ihn warm.<\/p>\n\n\n\n<p class=\"has-accent-1-background-color has-background\">Mein Sohn, was birgst du so bang dein Gesicht? \u2013<br>Siehst, Vater, du den Erlk\u00f6nig nicht?<br>Den Erlenk\u00f6nig mit Kron\u2019 und Schweif? \u2013<br>Mein Sohn, es ist ein Nebelstreif. \u2013<\/p>\n\n\n\n<p>\u201eDu liebes Kind, komm, geh mit mir!<br>Gar sch\u00f6ne Spiele spiel\u2019 ich mit dir;<br>Manch\u2019 bunte Blumen sind an dem Strand,<br>Meine Mutter hat manch g\u00fclden Gewand.\u201c \u2013<\/p>\n\n\n\n<p class=\"has-accent-1-background-color has-background\">Mein Vater, mein Vater, und h\u00f6rest du nicht,<br>Was Erlenk\u00f6nig mir leise verspricht? \u2013<br>Sei ruhig, bleibe ruhig, mein Kind;<br>In d\u00fcrren Bl\u00e4ttern s\u00e4uselt der Wind. \u2013<\/p>\n\n\n\n<p>\u201eWillst, feiner Knabe, du mit mir gehn?<br>Meine T\u00f6chter sollen dich warten sch\u00f6n;<br>Meine T\u00f6chter f\u00fchren den n\u00e4chtlichen Reihn<br>Und wiegen und tanzen und singen dich ein.\u201c \u2013<\/p>\n\n\n\n<p class=\"has-accent-1-background-color has-background\">Mein Vater, mein Vater, und siehst du nicht dort<br>Erlk\u00f6nigs T\u00f6chter am d\u00fcstern Ort? \u2013<br>Mein Sohn, mein Sohn, ich seh\u2019 es genau:<br>Es scheinen die alten Weiden so grau. \u2013<\/p>\n\n\n\n<p>\u201eIch liebe dich, mich reizt deine sch\u00f6ne Gestalt;<br>Und bist du nicht willig, so brauch\u2019 ich Gewalt.\u201c \u2013<br>Mein Vater, mein Vater, jetzt fasst er mich an!<br>Erlk\u00f6nig hat mir ein Leids getan! \u2013<\/p>\n\n\n\n<p class=\"has-accent-1-background-color has-background\">Dem Vater grauset\u2019s; er reitet geschwind,<br>Er h\u00e4lt in Armen das \u00e4chzende Kind,<br>Erreicht den Hof mit M\u00fche und Not;<br>In seinen Armen das Kind war tot.<\/p>\n\n\n\n<hr class=\"wp-block-separator has-alpha-channel-opacity\"\/>\n\n\n\n<p><a href=\"https:\/\/ifawartburg.se\/about-the-band\/\">Heinz Klinger erwartet Sie<\/a><\/p>\n\n\n\n<hr class=\"wp-block-separator has-alpha-channel-opacity\"\/>\n\n\n\n<p><\/p>\n","protected":false},"excerpt":{"rendered":"<p>Johann Wolfgang von Goethe Wer reitet so sp\u00e4t durch Nacht und Wind?Es ist der Vater mit seinem Kind;Er hat den Knaben wohl in dem Arm,Er fasst ihn sicher, er h\u00e4lt ihn warm. Mein Sohn, was birgst du so bang dein Gesicht? \u2013Siehst, Vater, du den Erlk\u00f6nig nicht?Den Erlenk\u00f6nig mit Kron\u2019 und Schweif? \u2013Mein Sohn, es [&hellip;]<\/p>\n","protected":false},"author":1,"featured_media":0,"parent":0,"menu_order":0,"comment_status":"closed","ping_status":"closed","template":"","meta":{"footnotes":""},"class_list":["post-7","page","type-page","status-publish","hentry"],"_links":{"self":[{"href":"https:\/\/pbm3h23ais.web.bib.de\/index.php?rest_route=\/wp\/v2\/pages\/7","targetHints":{"allow":["GET"]}}],"collection":[{"href":"https:\/\/pbm3h23ais.web.bib.de\/index.php?rest_route=\/wp\/v2\/pages"}],"about":[{"href":"https:\/\/pbm3h23ais.web.bib.de\/index.php?rest_route=\/wp\/v2\/types\/page"}],"author":[{"embeddable":true,"href":"https:\/\/pbm3h23ais.web.bib.de\/index.php?rest_route=\/wp\/v2\/users\/1"}],"replies":[{"embeddable":true,"href":"https:\/\/pbm3h23ais.web.bib.de\/index.php?rest_route=%2Fwp%2Fv2%2Fcomments&post=7"}],"version-history":[{"count":7,"href":"https:\/\/pbm3h23ais.web.bib.de\/index.php?rest_route=\/wp\/v2\/pages\/7\/revisions"}],"predecessor-version":[{"id":15,"href":"https:\/\/pbm3h23ais.web.bib.de\/index.php?rest_route=\/wp\/v2\/pages\/7\/revisions\/15"}],"wp:attachment":[{"href":"https:\/\/pbm3h23ais.web.bib.de\/index.php?rest_route=%2Fwp%2Fv2%2Fmedia&parent=7"}],"curies":[{"name":"wp","href":"https:\/\/api.w.org\/{rel}","templated":true}]}}